{"id":1655,"date":"2025-10-25T06:35:57","date_gmt":"2025-10-25T04:35:57","guid":{"rendered":"https:\/\/villaggiohotelaquila.rrulb.com\/saal-veranstaltungen\/"},"modified":"2025-11-25T12:05:02","modified_gmt":"2025-11-25T11:05:02","slug":"saal-veranstaltungen","status":"publish","type":"page","link":"https:\/\/villaggiohotelaquila.it\/de\/saal-veranstaltungen\/","title":{"rendered":"Saal Veranstaltungen"},"content":{"rendered":"","protected":false},"excerpt":{"rendered":"","protected":false},"author":2,"featured_media":0,"parent":0,"menu_order":0,"comment_status":"closed","ping_status":"closed","template":"","meta":{"_acf_changed":false,"slim_seo":{"title":"S\u00e4le f\u00fcr Veranstaltungen und Tagungen | Villaggio Hotel Aquila","description":"S\u00e4le Veranstaltungen vielseitig und ausgestattet f\u00fcr Meetings, Feiern und Hochzeiten, mit Service nach Ma\u00df und Parkpl\u00e4tzen kostenlos. Reservieren Sie jetzt!"},"footnotes":""},"class_list":["post-1655","page","type-page","status-publish","hentry"],"acf":[],"_links":{"self":[{"href":"https:\/\/villaggiohotelaquila.it\/de\/wp-json\/wp\/v2\/pages\/1655","targetHints":{"allow":["GET"]}}],"collection":[{"href":"https:\/\/villaggiohotelaquila.it\/de\/wp-json\/wp\/v2\/pages"}],"about":[{"href":"https:\/\/villaggiohotelaquila.it\/de\/wp-json\/wp\/v2\/types\/page"}],"author":[{"embeddable":true,"href":"https:\/\/villaggiohotelaquila.it\/de\/wp-json\/wp\/v2\/users\/2"}],"replies":[{"embeddable":true,"href":"https:\/\/villaggiohotelaquila.it\/de\/wp-json\/wp\/v2\/comments?post=1655"}],"version-history":[{"count":0,"href":"https:\/\/villaggiohotelaquila.it\/de\/wp-json\/wp\/v2\/pages\/1655\/revisions"}],"wp:attachment":[{"href":"https:\/\/villaggiohotelaquila.it\/de\/wp-json\/wp\/v2\/media?parent=1655"}],"curies":[{"name":"wp","href":"https:\/\/api.w.org\/{rel}","templated":true}]}}