{"id":1627,"date":"2025-10-25T06:35:15","date_gmt":"2025-10-25T04:35:15","guid":{"rendered":"https:\/\/villaggiohotelaquila.rrulb.com\/hotel\/"},"modified":"2025-11-07T14:34:39","modified_gmt":"2025-11-07T13:34:39","slug":"hotel","status":"publish","type":"page","link":"https:\/\/villaggiohotelaquila.it\/de\/hotel\/","title":{"rendered":"Hotel"},"content":{"rendered":"","protected":false},"excerpt":{"rendered":"","protected":false},"author":2,"featured_media":0,"parent":0,"menu_order":0,"comment_status":"closed","ping_status":"closed","template":"","meta":{"_acf_changed":false,"slim_seo":{"title":"Hotel | Villaggio Hotel Aquila","description":"Hotel im Trentino zwischen Trento und Rovereto: famili\u00e4re Atmosph\u00e4re, Komfort moderne und Atmosph\u00e4re authentische f\u00fcr den Ihren Aufenthalt in den Bergen."},"footnotes":""},"class_list":["post-1627","page","type-page","status-publish","hentry"],"acf":[],"_links":{"self":[{"href":"https:\/\/villaggiohotelaquila.it\/de\/wp-json\/wp\/v2\/pages\/1627","targetHints":{"allow":["GET"]}}],"collection":[{"href":"https:\/\/villaggiohotelaquila.it\/de\/wp-json\/wp\/v2\/pages"}],"about":[{"href":"https:\/\/villaggiohotelaquila.it\/de\/wp-json\/wp\/v2\/types\/page"}],"author":[{"embeddable":true,"href":"https:\/\/villaggiohotelaquila.it\/de\/wp-json\/wp\/v2\/users\/2"}],"replies":[{"embeddable":true,"href":"https:\/\/villaggiohotelaquila.it\/de\/wp-json\/wp\/v2\/comments?post=1627"}],"version-history":[{"count":0,"href":"https:\/\/villaggiohotelaquila.it\/de\/wp-json\/wp\/v2\/pages\/1627\/revisions"}],"wp:attachment":[{"href":"https:\/\/villaggiohotelaquila.it\/de\/wp-json\/wp\/v2\/media?parent=1627"}],"curies":[{"name":"wp","href":"https:\/\/api.w.org\/{rel}","templated":true}]}}