{"id":1542,"date":"2025-10-25T06:35:45","date_gmt":"2025-10-25T04:35:45","guid":{"rendered":"https:\/\/villaggiohotelaquila.rrulb.com\/zimmer\/"},"modified":"2026-02-25T12:32:46","modified_gmt":"2026-02-25T11:32:46","slug":"zimmer","status":"publish","type":"page","link":"https:\/\/villaggiohotelaquila.it\/de\/zimmer\/","title":{"rendered":"Zimmer"},"content":{"rendered":"","protected":false},"excerpt":{"rendered":"","protected":false},"author":2,"featured_media":0,"parent":0,"menu_order":0,"comment_status":"closed","ping_status":"closed","template":"","meta":{"_acf_changed":false,"slim_seo":{"title":"Zimmer | Villaggio Hotel Aquila","description":"Gem\u00fctliche und komfortable Zimmer im Villaggio Hotel Aquila im Trentino, ideal zum Entspannen nach Ausfl\u00fcgen zwischen Bergen und St\u00e4dten in der N\u00e4he."},"footnotes":""},"class_list":["post-1542","page","type-page","status-publish","hentry"],"acf":[],"_links":{"self":[{"href":"https:\/\/villaggiohotelaquila.it\/de\/wp-json\/wp\/v2\/pages\/1542","targetHints":{"allow":["GET"]}}],"collection":[{"href":"https:\/\/villaggiohotelaquila.it\/de\/wp-json\/wp\/v2\/pages"}],"about":[{"href":"https:\/\/villaggiohotelaquila.it\/de\/wp-json\/wp\/v2\/types\/page"}],"author":[{"embeddable":true,"href":"https:\/\/villaggiohotelaquila.it\/de\/wp-json\/wp\/v2\/users\/2"}],"replies":[{"embeddable":true,"href":"https:\/\/villaggiohotelaquila.it\/de\/wp-json\/wp\/v2\/comments?post=1542"}],"version-history":[{"count":1,"href":"https:\/\/villaggiohotelaquila.it\/de\/wp-json\/wp\/v2\/pages\/1542\/revisions"}],"predecessor-version":[{"id":1947,"href":"https:\/\/villaggiohotelaquila.it\/de\/wp-json\/wp\/v2\/pages\/1542\/revisions\/1947"}],"wp:attachment":[{"href":"https:\/\/villaggiohotelaquila.it\/de\/wp-json\/wp\/v2\/media?parent=1542"}],"curies":[{"name":"wp","href":"https:\/\/api.w.org\/{rel}","templated":true}]}}