{"id":1446,"date":"2025-10-25T06:38:48","date_gmt":"2025-10-25T04:38:48","guid":{"rendered":"https:\/\/villaggiohotelaquila.rrulb.com\/kontakte\/"},"modified":"2025-11-25T11:51:51","modified_gmt":"2025-11-25T10:51:51","slug":"kontakte","status":"publish","type":"page","link":"https:\/\/villaggiohotelaquila.it\/de\/kontakte\/","title":{"rendered":"Kontakte"},"content":{"rendered":"","protected":false},"excerpt":{"rendered":"","protected":false},"author":2,"featured_media":0,"parent":0,"menu_order":0,"comment_status":"closed","ping_status":"closed","template":"","meta":{"_acf_changed":false,"slim_seo":{"title":"Kontakte | Villaggio Hotel Aquila","description":"Kontaktieren Sie Villaggio Hotel Aquila f\u00fcr Informationen, Reservierungen und Hilfe. Wir stehen Ihnen f\u00fcr einen perfekten Aufenthalt zur Verf\u00fcgung."},"footnotes":""},"class_list":["post-1446","page","type-page","status-publish","hentry"],"acf":[],"_links":{"self":[{"href":"https:\/\/villaggiohotelaquila.it\/de\/wp-json\/wp\/v2\/pages\/1446","targetHints":{"allow":["GET"]}}],"collection":[{"href":"https:\/\/villaggiohotelaquila.it\/de\/wp-json\/wp\/v2\/pages"}],"about":[{"href":"https:\/\/villaggiohotelaquila.it\/de\/wp-json\/wp\/v2\/types\/page"}],"author":[{"embeddable":true,"href":"https:\/\/villaggiohotelaquila.it\/de\/wp-json\/wp\/v2\/users\/2"}],"replies":[{"embeddable":true,"href":"https:\/\/villaggiohotelaquila.it\/de\/wp-json\/wp\/v2\/comments?post=1446"}],"version-history":[{"count":0,"href":"https:\/\/villaggiohotelaquila.it\/de\/wp-json\/wp\/v2\/pages\/1446\/revisions"}],"wp:attachment":[{"href":"https:\/\/villaggiohotelaquila.it\/de\/wp-json\/wp\/v2\/media?parent=1446"}],"curies":[{"name":"wp","href":"https:\/\/api.w.org\/{rel}","templated":true}]}}